{"id":7,"date":"2015-12-04T02:08:28","date_gmt":"2015-12-04T02:08:28","guid":{"rendered":"http:\/\/theme-fusion.com\/avada\/construction\/?page_id=7"},"modified":"2024-04-15T12:54:58","modified_gmt":"2024-04-15T15:54:58","slug":"about","status":"publish","type":"page","link":"https:\/\/jmg.net.br\/?page_id=7","title":{"rendered":"A Empresa"},"content":{"rendered":"<p><div class=\"fusion-fullwidth fullwidth-box fusion-builder-row-1 fusion-flex-container mass-responsive-section nonhundred-percent-fullwidth non-hundred-percent-height-scrolling\" style=\"background-color: #ffffff;background-position: left top;background-repeat: no-repeat;border-width: 0px 0px 0px 0px;border-color:#eae9e9;border-style:solid;\" id=\"section1\" ><div class=\"fusion-builder-row fusion-row fusion-flex-align-items-flex-start fusion-flex-justify-content-center\" style=\"max-width:calc( 1200px + 0px );margin-left: calc(-0px \/ 2 );margin-right: calc(-0px \/ 2 );\"><div class=\"fusion-layout-column fusion_builder_column fusion-builder-column-0 fusion_builder_column_1_1 1_1 fusion-flex-column fusion-flex-align-self-flex-start\"><div class=\"fusion-column-wrapper fusion-flex-justify-content-flex-start fusion-content-layout-column\" style=\"background-position:left top;background-repeat:no-repeat;-webkit-background-size:cover;-moz-background-size:cover;-o-background-size:cover;background-size:cover;padding: 0px 0px 0px 0px;\"><style type=\"text\/css\">@media only screen and (max-width:1024px) {.fusion-title.fusion-title-1{margin-top:10px!important; margin-right:0px!important;margin-bottom:15px!important;margin-left:0px!important;}}@media only screen and (max-width:640px) {.fusion-title.fusion-title-1{margin-top:10px!important; margin-right:0px!important;margin-bottom:10px!important; margin-left:0px!important;}}<\/style><div class=\"fusion-title title fusion-title-1 fusion-sep-none fusion-title-text fusion-title-size-two\" style=\"margin-top:10px;margin-right:0px;margin-bottom:15px;margin-left:0px;\"><h2 class=\"title-heading-left\" style=\"margin:0;\"><h1 style=\"text-align: left;\">A Empresa<\/h1><\/h2><\/div><div class=\"fusion-separator fusion-full-width-sep\" style=\"align-self: flex-start;margin-right:auto;margin-top:-30px;width:100%;\"><div class=\"fusion-separator-border sep-single sep-solid\" style=\"border-color:#5dc4f4;border-top-width:4px;\"><\/div><\/div><\/div><style type=\"text\/css\">.fusion-body .fusion-builder-column-0{width:100% !important;margin-top : 0px;margin-bottom : 20px;}.fusion-builder-column-0 > .fusion-column-wrapper {padding-top : 0px !important;padding-right : 0px !important;margin-right : 0px;padding-bottom : 0px !important;padding-left : 0px !important;margin-left : 0px;}@media only screen and (max-width:1024px) {.fusion-body .fusion-builder-column-0{width:100% !important;order : 0;}.fusion-builder-column-0 > .fusion-column-wrapper {margin-right : 0px;margin-left : 0px;}}@media only screen and (max-width:640px) {.fusion-body .fusion-builder-column-0{width:100% !important;order : 0;}.fusion-builder-column-0 > .fusion-column-wrapper {margin-right : 0px;margin-left : 0px;}}<\/style><\/div><\/div><style type=\"text\/css\">.fusion-body .fusion-flex-container.fusion-builder-row-1{ padding-top : 20px;margin-top : 0px;padding-right : 0px;padding-bottom : 0px;margin-bottom : 0px;padding-left : 0px;}<\/style><\/div><div class=\"fusion-fullwidth fullwidth-box fusion-builder-row-2 fusion-flex-container mass-responsive-section nonhundred-percent-fullwidth non-hundred-percent-height-scrolling\" style=\"background-color: #ffffff;background-position: center center;background-repeat: no-repeat;border-width: 0px 0px 0px 0px;border-color:#eae9e9;border-style:solid;\" id=\"section1\" ><div class=\"fusion-builder-row fusion-row fusion-flex-align-items-flex-start fusion-flex-justify-content-center\" style=\"max-width:1248px;margin-left: calc(-4% \/ 2 );margin-right: calc(-4% \/ 2 );\"><div class=\"fusion-layout-column fusion_builder_column fusion-builder-column-1 fusion_builder_column_3_4 3_4 fusion-flex-column fusion-flex-align-self-flex-start\"><div class=\"fusion-column-wrapper fusion-flex-justify-content-flex-start fusion-content-layout-column\" style=\"background-position:left top;background-repeat:no-repeat;-webkit-background-size:cover;-moz-background-size:cover;-o-background-size:cover;background-size:cover;padding: 0px 0px 0px 0px;\"><div class=\"fusion-text fusion-text-1\"><p><strong>A JMG Representa\u00e7\u00e3o Comercial Importa\u00e7\u00e3o e Exporta\u00e7\u00e3o Ltda<\/strong>, fundada em 1993 por profissionais com vasta experi\u00eancia nestes segmentos, \u00e9 dedicada a importa\u00e7\u00e3o, distribui\u00e7\u00e3o e presta\u00e7\u00e3o de servi\u00e7os em mat\u00e9rias-primas, insumos, equipamentos e acess\u00f3rios para o mercado el\u00e9trico e gr\u00e1fico.<\/p>\n<p>Trabalhamos com marcas mundialmente renomadas no segmento de isolantes el\u00e9tricos destinados a fabrica\u00e7\u00e3o de transformadores el\u00e9tricos de alta, m\u00e9dia e baixa tens\u00e3o \u00e0 \u00f3leo ou seco, motores el\u00e9tricos, geradores, m\u00e1quinas de solda, eletro\u00edm\u00e3, componentes e acess\u00f3rios e no segmento de filmes t\u00e9cnicos para impress\u00e3o de embalagens flex\u00edveis, r\u00f3tulos e impressos de seguran\u00e7a.<\/p>\n<p>Nossas instala\u00e7\u00f5es est\u00e3o localizadas em Santo Andr\u00e9 -S\u00e3o Paulo e Brusque-SC, tem como objetivo atender de forma \u00e1gil e econ\u00f4mica nossos clientes com log\u00edstica dedicada e solu\u00e7\u00f5es em servi\u00e7os.<\/p>\n<\/div><\/div><style type=\"text\/css\">.fusion-body .fusion-builder-column-1{width:75% !important;margin-top : 30px;margin-bottom : 20px;}.fusion-builder-column-1 > .fusion-column-wrapper {padding-top : 0px !important;padding-right : 0px !important;margin-right : 2.56%;padding-bottom : 0px !important;padding-left : 0px !important;margin-left : 2.56%;}@media only screen and (max-width:1024px) {.fusion-body .fusion-builder-column-1{width:75% !important;order : 0;}.fusion-builder-column-1 > .fusion-column-wrapper {margin-right : 2.56%;margin-left : 2.56%;}}@media only screen and (max-width:640px) {.fusion-body .fusion-builder-column-1{width:100% !important;order : 0;}.fusion-builder-column-1 > .fusion-column-wrapper {margin-right : 1.92%;margin-left : 1.92%;}}<\/style><\/div><div class=\"fusion-layout-column fusion_builder_column fusion-builder-column-2 fusion_builder_column_1_4 1_4 fusion-flex-column fusion-flex-align-self-flex-start\"><div class=\"fusion-column-wrapper fusion-flex-justify-content-flex-start fusion-content-layout-column\" style=\"background-position:left top;background-repeat:no-repeat;-webkit-background-size:cover;-moz-background-size:cover;-o-background-size:cover;background-size:cover;padding: 0px 0px 0px 0px;\"><div class=\"fusion-image-carousel fusion-image-carousel-auto\"><div class=\"fusion-carousel\" data-autoplay=\"yes\" data-columns=\"1\" data-itemmargin=\"0\" data-itemwidth=\"180\" data-touchscroll=\"no\" data-imagesize=\"auto\"><div class=\"fusion-carousel-positioner\"><ul class=\"fusion-carousel-holder\"><li class=\"fusion-carousel-item\"><div class=\"fusion-carousel-item-wrapper\"><div class=\"fusion-image-wrapper hover-type-none\"><img decoding=\"async\" width=\"300\" height=\"300\" src=\"https:\/\/jmg.net.br\/wp-content\/uploads\/2021\/08\/carrocel-transformador3.png\" class=\"attachment-full size-full\" alt=\"\" srcset=\"https:\/\/jmg.net.br\/wp-content\/uploads\/2021\/08\/carrocel-transformador3-66x66.png 66w, https:\/\/jmg.net.br\/wp-content\/uploads\/2021\/08\/carrocel-transformador3-150x150.png 150w, https:\/\/jmg.net.br\/wp-content\/uploads\/2021\/08\/carrocel-transformador3-200x200.png 200w, https:\/\/jmg.net.br\/wp-content\/uploads\/2021\/08\/carrocel-transformador3.png 300w\" sizes=\"(max-width: 300px) 100vw, 300px\" \/><\/div><\/div><\/li><li class=\"fusion-carousel-item\"><div class=\"fusion-carousel-item-wrapper\"><div class=\"fusion-image-wrapper hover-type-none\"><img decoding=\"async\" width=\"300\" height=\"300\" src=\"https:\/\/jmg.net.br\/wp-content\/uploads\/2021\/08\/carrocel-poliamida.png\" class=\"attachment-full size-full\" alt=\"\" srcset=\"https:\/\/jmg.net.br\/wp-content\/uploads\/2021\/08\/carrocel-poliamida-66x66.png 66w, https:\/\/jmg.net.br\/wp-content\/uploads\/2021\/08\/carrocel-poliamida-150x150.png 150w, https:\/\/jmg.net.br\/wp-content\/uploads\/2021\/08\/carrocel-poliamida-200x200.png 200w, https:\/\/jmg.net.br\/wp-content\/uploads\/2021\/08\/carrocel-poliamida.png 300w\" sizes=\"(max-width: 300px) 100vw, 300px\" \/><\/div><\/div><\/li><li class=\"fusion-carousel-item\"><div class=\"fusion-carousel-item-wrapper\"><div class=\"fusion-image-wrapper hover-type-none\"><img decoding=\"async\" width=\"300\" height=\"300\" src=\"https:\/\/jmg.net.br\/wp-content\/uploads\/2021\/08\/carrocel-isolante-eletrico.png\" class=\"attachment-full size-full\" alt=\"\" srcset=\"https:\/\/jmg.net.br\/wp-content\/uploads\/2021\/08\/carrocel-isolante-eletrico-66x66.png 66w, https:\/\/jmg.net.br\/wp-content\/uploads\/2021\/08\/carrocel-isolante-eletrico-150x150.png 150w, https:\/\/jmg.net.br\/wp-content\/uploads\/2021\/08\/carrocel-isolante-eletrico-200x200.png 200w, https:\/\/jmg.net.br\/wp-content\/uploads\/2021\/08\/carrocel-isolante-eletrico.png 300w\" sizes=\"(max-width: 300px) 100vw, 300px\" \/><\/div><\/div><\/li><li class=\"fusion-carousel-item\"><div class=\"fusion-carousel-item-wrapper\"><div class=\"fusion-image-wrapper hover-type-none\"><img decoding=\"async\" width=\"300\" height=\"300\" src=\"https:\/\/jmg.net.br\/wp-content\/uploads\/2021\/08\/carrocel-rotulo-sleeve.png\" class=\"attachment-full size-full\" alt=\"\" srcset=\"https:\/\/jmg.net.br\/wp-content\/uploads\/2021\/08\/carrocel-rotulo-sleeve-66x66.png 66w, https:\/\/jmg.net.br\/wp-content\/uploads\/2021\/08\/carrocel-rotulo-sleeve-150x150.png 150w, https:\/\/jmg.net.br\/wp-content\/uploads\/2021\/08\/carrocel-rotulo-sleeve-200x200.png 200w, https:\/\/jmg.net.br\/wp-content\/uploads\/2021\/08\/carrocel-rotulo-sleeve.png 300w\" sizes=\"(max-width: 300px) 100vw, 300px\" \/><\/div><\/div><\/li><li class=\"fusion-carousel-item\"><div class=\"fusion-carousel-item-wrapper\"><div class=\"fusion-image-wrapper hover-type-none\"><img decoding=\"async\" width=\"300\" height=\"300\" src=\"https:\/\/jmg.net.br\/wp-content\/uploads\/2021\/08\/carrocel-oleo.png\" class=\"attachment-full size-full\" alt=\"\" srcset=\"https:\/\/jmg.net.br\/wp-content\/uploads\/2021\/08\/carrocel-oleo-66x66.png 66w, https:\/\/jmg.net.br\/wp-content\/uploads\/2021\/08\/carrocel-oleo-150x150.png 150w, https:\/\/jmg.net.br\/wp-content\/uploads\/2021\/08\/carrocel-oleo-200x200.png 200w, https:\/\/jmg.net.br\/wp-content\/uploads\/2021\/08\/carrocel-oleo.png 300w\" sizes=\"(max-width: 300px) 100vw, 300px\" \/><\/div><\/div><\/li><li class=\"fusion-carousel-item\"><div class=\"fusion-carousel-item-wrapper\"><div class=\"fusion-image-wrapper hover-type-none\"><img decoding=\"async\" width=\"300\" height=\"300\" src=\"https:\/\/jmg.net.br\/wp-content\/uploads\/2021\/08\/carrocel-transformador2.png\" class=\"attachment-full size-full\" alt=\"\" srcset=\"https:\/\/jmg.net.br\/wp-content\/uploads\/2021\/08\/carrocel-transformador2-66x66.png 66w, https:\/\/jmg.net.br\/wp-content\/uploads\/2021\/08\/carrocel-transformador2-150x150.png 150w, https:\/\/jmg.net.br\/wp-content\/uploads\/2021\/08\/carrocel-transformador2-200x200.png 200w, https:\/\/jmg.net.br\/wp-content\/uploads\/2021\/08\/carrocel-transformador2.png 300w\" sizes=\"(max-width: 300px) 100vw, 300px\" \/><\/div><\/div><\/li><\/ul><\/div><\/div><\/div><\/div><style type=\"text\/css\">.fusion-body .fusion-builder-column-2{width:25% !important;margin-top : 30px;margin-bottom : 20px;}.fusion-builder-column-2 > .fusion-column-wrapper {padding-top : 0px !important;padding-right : 0px !important;margin-right : 7.68%;padding-bottom : 0px !important;padding-left : 0px !important;margin-left : 7.68%;}@media only screen and (max-width:1024px) {.fusion-body .fusion-builder-column-2{width:25% !important;order : 0;}.fusion-builder-column-2 > .fusion-column-wrapper {margin-right : 7.68%;margin-left : 7.68%;}}@media only screen and (max-width:640px) {.fusion-body .fusion-builder-column-2{width:100% !important;order : 0;}.fusion-builder-column-2 > .fusion-column-wrapper {margin-right : 1.92%;margin-left : 1.92%;}}<\/style><\/div><\/div><style type=\"text\/css\">.fusion-body .fusion-flex-container.fusion-builder-row-2{ padding-top : 0px;margin-top : 0px;padding-right : 0px;padding-bottom : 0px;margin-bottom : 50px;padding-left : 0px;}<\/style><\/div><div class=\"fusion-fullwidth fullwidth-box fusion-builder-row-3 fusion-flex-container nonhundred-percent-fullwidth non-hundred-percent-height-scrolling\" style=\"background-color: #ffffff;background-position: center center;background-repeat: no-repeat;border-width: 0px 0px 0px 0px;border-color:#eae9e9;border-style:solid;\" ><div class=\"fusion-builder-row fusion-row fusion-flex-align-items-flex-start fusion-flex-justify-content-center\" style=\"max-width:1248px;margin-left: calc(-4% \/ 2 );margin-right: calc(-4% \/ 2 );\"><div class=\"fusion-layout-column fusion_builder_column fusion-builder-column-3 fusion_builder_column_3_4 3_4 fusion-flex-column fusion-flex-align-self-stretch\"><div class=\"fusion-column-wrapper fusion-flex-justify-content-flex-start fusion-content-layout-block\" style=\"background-position:left top;background-repeat:no-repeat;-webkit-background-size:cover;-moz-background-size:cover;-o-background-size:cover;background-size:cover;padding: 0px 0px 0px 0px;\"><span class=\" fusion-imageframe imageframe-none imageframe-1 hover-type-none\"><img decoding=\"async\" width=\"1040\" height=\"300\" title=\"porto\" src=\"http:\/\/jmg.net.br\/wp-content\/uploads\/2021\/04\/porto.jpg\" class=\"img-responsive wp-image-1333\" srcset=\"https:\/\/jmg.net.br\/wp-content\/uploads\/2021\/04\/porto-200x58.jpg 200w, https:\/\/jmg.net.br\/wp-content\/uploads\/2021\/04\/porto-400x115.jpg 400w, https:\/\/jmg.net.br\/wp-content\/uploads\/2021\/04\/porto-600x173.jpg 600w, https:\/\/jmg.net.br\/wp-content\/uploads\/2021\/04\/porto-800x231.jpg 800w, https:\/\/jmg.net.br\/wp-content\/uploads\/2021\/04\/porto.jpg 1040w\" sizes=\"(max-width: 640px) 100vw, 1040px\" \/><\/span><\/div><style type=\"text\/css\">.fusion-body .fusion-builder-column-3{width:75% !important;margin-top : -22px;margin-bottom : 20px;}.fusion-builder-column-3 > .fusion-column-wrapper {padding-top : 0px !important;padding-right : 0px !important;margin-right : 2.56%;padding-bottom : 0px !important;padding-left : 0px !important;margin-left : 2.56%;}@media only screen and (max-width:1024px) {.fusion-body .fusion-builder-column-3{width:75% !important;order : 0;}.fusion-builder-column-3 > .fusion-column-wrapper {margin-right : 2.56%;margin-left : 2.56%;}}@media only screen and (max-width:640px) {.fusion-body .fusion-builder-column-3{width:100% !important;order : 0;}.fusion-builder-column-3 > .fusion-column-wrapper {margin-right : 1.92%;margin-left : 1.92%;}}<\/style><\/div><div class=\"fusion-layout-column fusion_builder_column fusion-builder-column-4 fusion_builder_column_1_4 1_4 fusion-flex-column fusion-flex-align-self-stretch\"><div class=\"fusion-column-wrapper fusion-flex-justify-content-flex-start fusion-content-layout-block\" style=\"background-position:left top;background-repeat:no-repeat;-webkit-background-size:cover;-moz-background-size:cover;-o-background-size:cover;background-size:cover;padding: 0px 0px 0px 0px;\"><span class=\" fusion-imageframe imageframe-none imageframe-2 hover-type-none\"><img decoding=\"async\" width=\"300\" height=\"300\" title=\"filmes-rolo1\" src=\"http:\/\/jmg.net.br\/wp-content\/uploads\/2021\/04\/filmes-rolo1.jpg\" class=\"img-responsive wp-image-1326\" srcset=\"https:\/\/jmg.net.br\/wp-content\/uploads\/2021\/04\/filmes-rolo1-200x200.jpg 200w, https:\/\/jmg.net.br\/wp-content\/uploads\/2021\/04\/filmes-rolo1.jpg 300w\" sizes=\"(max-width: 640px) 100vw, 300px\" \/><\/span><\/div><style type=\"text\/css\">.fusion-body .fusion-builder-column-4{width:25% !important;margin-top : -22px;margin-bottom : 20px;}.fusion-builder-column-4 > .fusion-column-wrapper {padding-top : 0px !important;padding-right : 0px !important;margin-right : 7.68%;padding-bottom : 0px !important;padding-left : 0px !important;margin-left : 7.68%;}@media only screen and (max-width:1024px) {.fusion-body .fusion-builder-column-4{width:25% !important;order : 0;}.fusion-builder-column-4 > .fusion-column-wrapper {margin-right : 7.68%;margin-left : 7.68%;}}@media only screen and (max-width:640px) {.fusion-body .fusion-builder-column-4{width:100% !important;order : 0;}.fusion-builder-column-4 > .fusion-column-wrapper {margin-right : 1.92%;margin-left : 1.92%;}}<\/style><\/div><\/div><style type=\"text\/css\">.fusion-body .fusion-flex-container.fusion-builder-row-3{ padding-top : 0px;margin-top : 0px;padding-right : 0px;padding-bottom : 0px;margin-bottom : 0px;padding-left : 0px;}<\/style><\/div><\/p>\n","protected":false},"excerpt":{"rendered":"","protected":false},"author":1,"featured_media":0,"parent":0,"menu_order":0,"comment_status":"closed","ping_status":"closed","template":"100-width.php","meta":{"footnotes":""},"class_list":["post-7","page","type-page","status-publish","hentry"],"_links":{"self":[{"href":"https:\/\/jmg.net.br\/index.php?rest_route=\/wp\/v2\/pages\/7"}],"collection":[{"href":"https:\/\/jmg.net.br\/index.php?rest_route=\/wp\/v2\/pages"}],"about":[{"href":"https:\/\/jmg.net.br\/index.php?rest_route=\/wp\/v2\/types\/page"}],"author":[{"embeddable":true,"href":"https:\/\/jmg.net.br\/index.php?rest_route=\/wp\/v2\/users\/1"}],"replies":[{"embeddable":true,"href":"https:\/\/jmg.net.br\/index.php?rest_route=%2Fwp%2Fv2%2Fcomments&post=7"}],"version-history":[{"count":26,"href":"https:\/\/jmg.net.br\/index.php?rest_route=\/wp\/v2\/pages\/7\/revisions"}],"predecessor-version":[{"id":1539,"href":"https:\/\/jmg.net.br\/index.php?rest_route=\/wp\/v2\/pages\/7\/revisions\/1539"}],"wp:attachment":[{"href":"https:\/\/jmg.net.br\/index.php?rest_route=%2Fwp%2Fv2%2Fmedia&parent=7"}],"curies":[{"name":"wp","href":"https:\/\/api.w.org\/{rel}","templated":true}]}}